{"id":786,"date":"2020-11-11T10:39:26","date_gmt":"2020-11-11T09:39:26","guid":{"rendered":"https:\/\/www.kotisina-makarska.com\/ciljevi\/"},"modified":"2020-11-11T10:39:26","modified_gmt":"2020-11-11T09:39:26","slug":"ciljevi","status":"publish","type":"page","link":"https:\/\/www.kotisina-makarska.com\/en\/ciljevi\/","title":{"rendered":"CILJEVI"},"content":{"rendered":"<p>Prirodni prostor na kojem se nalazi podru\u010dje Koti\u0161ine obiluje mnogim prirodnim, povijesnim i krajobraznim vrijednostima.<\/p>\n<p>&nbsp;<\/p>\n<p>Osim beskrajne vizure koju daje sraz planine i mora, tu su brojni tragovi ljudskog \u017eivljenja, gra\u0111evine utkane podno planinskog masiva, mnogi izvori pitke planinske vode, rasko\u0161nost autohtonih biljnih zajednica i flornih elemenata te bogatstvo vizualnih, auditivnih i olafaktornih podra\u017eaja koja ispune osjetila i bez iznimke daju nezaboravan do\u017eivljaj spoja \u010dovjeka i prirode.<\/p>\n<p>&nbsp;<\/p>\n<p>Sve nabrojano su i razlozi za\u0161to je Koti\u0161ina izabrana za ovaj program u kojem su revitalizirani objekti kulturne ba\u0161tine, te su \u00a0postavljeni interaktivni i odr\u017eivi cjelogodi\u0161nji rekreativni i kulturni sadr\u017eaji za sve posjetitelje.<\/p>\n<p>&nbsp;<\/p>\n<p>Upravo ovaj projekt pru\u017ea jednu novu sliku bogate i druga\u010dije turisti\u010dke ponude na\u0161ega kraja.<\/p>\n<p>&nbsp;<\/p>\n<p>Vrijedi istaknuti kako se projekt sastoji od 6 va\u017enih elemenata:<\/p>\n<p>&nbsp;<\/p>\n<p>&#8211;<strong> uspostave Interpretacijskog centra Veliki Ka\u0161tel<\/strong><br \/>\n&#8211;<strong> ure\u0111enja pozornice na otvorenom Sv.Ante<\/strong><br \/>\n&#8211;<strong> ure\u0111enja pou\u010dnih staza i obnova crkve Sv.Martina<\/strong><br \/>\n&#8211;<strong> realizacije adrenalinske i pje\u0161a\u010dke ture<\/strong><br \/>\n&#8211; <strong>ure\u0111enja pje\u0161a\u010dko biciklisti\u010dke staze Makarska centar \u2013 Koti\u0161ina<\/strong><br \/>\n&#8211;<strong> aktivnosti Promocije koje uklju\u010duje i brendiranje ovog novog kulturno-turisti\u010dkog sadr\u017eaja<\/strong><\/p>\n<p>&nbsp;<\/p>\n<p>&nbsp;<\/p>\n<p>Svaki od navedenih elemenata ima zna\u010dajnu ulogu u formiranju projekta, uz poseban naglasak na onom najva\u017enijem dijelu<strong> Interpretacijskom centru Veliki Ka\u0161tel<\/strong> koji je obnovljen i stavljen u funkciju, odnosno, opremljen najsuvremenijom multimedijalnom tehnologijom.<\/p>\n<p>&nbsp;<\/p>\n<p>Kao takav, predstavlja sredi\u0161nje mjesto interpretacije i prezentacije kulturne i prirodne ba\u0161tine Koti\u0161ina, i to kroz tri teme postava: arheolo\u0161ke, etnolo\u0161ke i prirodne ba\u0161tine.<\/p>\n<p>&nbsp;<\/p>\n<p>Tako je izlo\u017een i dio arheolo\u0161kih eksponata koji su prona\u0111eni na lokalitetu Koti\u0161ina pod vodstvom Gradskog muzeja Makarska, dok etnolo\u0161ke pri\u010de prezentiraju na\u010din i stil \u017eivljenja stanovni\u0161tva s posebnim naglaskom na povezanost djelovanja \u010dovjeka i prirode.<\/p>\n<p>&nbsp;<\/p>\n<p>Ve\u0107i dio centra je posve\u0107en prirodnoj ba\u0161tini i fenomenu velike biljne raznolikosti na \u0161irem lokalno podru\u010dju, osobito ba\u0161tini <strong>Biokovskog botani\u010dkog vrta Koti\u0161ina<\/strong> i ostav\u0161tini njegovog osniva\u010da fra Jure Radi\u0107a.<\/p>\n<p>&nbsp;<\/p>\n<p>Sve ove inovacije u interpretaciji, imaju cilj poticanja podizanja svijesti i interesa javnosti za o\u010duvanje kulturne i prirodne ba\u0161tine te unapre\u0111enje vrednovanja kulturne ba\u0161tine kao relevantne i po\u017eeljnije atrakcije.<\/p>\n<p>&nbsp;<\/p>\n<p><strong>Ure\u0111enje pozornice na ot<\/strong><strong>vorenom Sv. Ante<\/strong> u prvoj fazi obuhvatio je rekonstrukciju i sanaciju temelja crkve te implementaciju pozornice na otvorenom PROSLAP. \u00a0Ambijentalna kvaliteta krajolika u kojem je adaptirana ova pozornica posjetiteljima pru\u017ea dojam kao da se doga\u0111aji odr\u017eavaju u sred netaknute prirode, podno litica planine s nezaboravnim panoramskim pogledom.<\/p>\n<p>&nbsp;<\/p>\n<p><strong>Ure\u0111enjem pou\u010dnih staza<\/strong> kao i obnovom, odnosno,<strong> potpunom rekonstrukcijom crkve sv. Martina<\/strong> realizirani su i novi kulturno-turisti\u010dki sadr\u017eaji.<\/p>\n<p>&nbsp;<\/p>\n<p>U sklopu svojih aktivnosti, Turisti\u010dka agencija Tip Extreme je realizirala i promovirala dvije vrlo atraktivne <strong>pje\u0161a\u010dko adrenalinske ture Ka\u0161tel Koti\u0161ina i Koti\u0161ina<\/strong> \u2013 zaboravljeni te\u017ea\u010dki putovi.<\/p>\n<p>&nbsp;<\/p>\n<p>Tako\u0111er, <strong>ure\u0111enjem biciklisti\u010dke staze Makarska centar &#8211; Koti\u0161ina<\/strong> realizirana su tri inovativna, cjelovito opremljena odmori\u0161ta na ciklo turisti\u010dkoj ruti od kojih jedno slu\u017ei i u svrhu promatranja ptica.<\/p>\n<p>&nbsp;<\/p>\n<p>Kona\u010dno, promotivne aktivnosti su osmi\u0161ljene imaju\u0107i u vidu posjetitelje Splitsko-dalmatinske \u017eupanije, ali i predstavljanje na stranim tr\u017ei\u0161tima.<br \/>\nIstodobno, kroz ovaj dio osigurali su se i specifi\u010dni zahtjevi svih navedenih i razli\u010ditih komponenata projekta, s naglaskom na <strong>brendiranje<\/strong> \u010ditavog novog <strong>kulturno-turisti\u010dkog sadr\u017eaja.<\/strong><\/p>\n","protected":false},"excerpt":{"rendered":"<p>Prirodni prostor na kojem se nalazi podru\u010dje Koti\u0161ine obiluje mnogim prirodnim, povijesnim i krajobraznim vrijednostima. &nbsp; Osim beskrajne vizure koju daje sraz planine i mora, tu su brojni tragovi ljudskog \u017eivljenja, gra\u0111evine utkane podno planinskog masiva, mnogi izvori pitke planinske vode, rasko\u0161nost autohtonih biljnih zajednica i flornih elemenata te bogatstvo vizualnih, auditivnih i olafaktornih podra\u017eaja [&hellip;]<\/p>\n","protected":false},"author":2,"featured_media":0,"parent":0,"menu_order":0,"comment_status":"closed","ping_status":"closed","template":"page-default-full.php","meta":{"_acf_changed":false,"footnotes":""},"class_list":["post-786","page","type-page","status-publish","hentry"],"acf":[],"yoast_head":"<!-- This site is optimized with the Yoast SEO plugin v27.4 - https:\/\/yoast.com\/product\/yoast-seo-wordpress\/ -->\n<title>CILJEVI - Interpretacijski centar Veliki ka\u0161tel Koti\u0161ina - Makarska<\/title>\n<meta name=\"robots\" content=\"index, follow, max-snippet:-1, max-image-preview:large, max-video-preview:-1\" \/>\n<link rel=\"canonical\" href=\"https:\/\/www.kotisina-makarska.com\/en\/ciljevi\/\" \/>\n<meta property=\"og:locale\" content=\"en_US\" \/>\n<meta property=\"og:type\" content=\"article\" \/>\n<meta property=\"og:title\" content=\"CILJEVI - Interpretacijski centar Veliki ka\u0161tel Koti\u0161ina - Makarska\" \/>\n<meta property=\"og:description\" content=\"Prirodni prostor na kojem se nalazi podru\u010dje Koti\u0161ine obiluje mnogim prirodnim, povijesnim i krajobraznim vrijednostima. &nbsp; Osim beskrajne vizure koju daje sraz planine i mora, tu su brojni tragovi ljudskog \u017eivljenja, gra\u0111evine utkane podno planinskog masiva, mnogi izvori pitke planinske vode, rasko\u0161nost autohtonih biljnih zajednica i flornih elemenata te bogatstvo vizualnih, auditivnih i olafaktornih podra\u017eaja [&hellip;]\" \/>\n<meta property=\"og:url\" content=\"https:\/\/www.kotisina-makarska.com\/en\/ciljevi\/\" \/>\n<meta property=\"og:site_name\" content=\"Interpretacijski centar Veliki ka\u0161tel Koti\u0161ina - Makarska\" \/>\n<meta property=\"article:publisher\" content=\"https:\/\/www.facebook.com\/kotisina1makarska\" \/>\n<meta name=\"twitter:card\" content=\"summary_large_image\" \/>\n<meta name=\"twitter:label1\" content=\"Est. reading time\" \/>\n\t<meta name=\"twitter:data1\" content=\"3 minutes\" \/>\n<script type=\"application\/ld+json\" class=\"yoast-schema-graph\">{\"@context\":\"https:\\\/\\\/schema.org\",\"@graph\":[{\"@type\":\"WebPage\",\"@id\":\"https:\\\/\\\/www.kotisina-makarska.com\\\/en\\\/ciljevi\\\/\",\"url\":\"https:\\\/\\\/www.kotisina-makarska.com\\\/en\\\/ciljevi\\\/\",\"name\":\"CILJEVI - Interpretacijski centar Veliki ka\u0161tel Koti\u0161ina - Makarska\",\"isPartOf\":{\"@id\":\"https:\\\/\\\/www.kotisina-makarska.com\\\/en\\\/#website\"},\"datePublished\":\"2020-11-11T09:39:26+00:00\",\"breadcrumb\":{\"@id\":\"https:\\\/\\\/www.kotisina-makarska.com\\\/en\\\/ciljevi\\\/#breadcrumb\"},\"inLanguage\":\"en-US\",\"potentialAction\":[{\"@type\":\"ReadAction\",\"target\":[\"https:\\\/\\\/www.kotisina-makarska.com\\\/en\\\/ciljevi\\\/\"]}]},{\"@type\":\"BreadcrumbList\",\"@id\":\"https:\\\/\\\/www.kotisina-makarska.com\\\/en\\\/ciljevi\\\/#breadcrumb\",\"itemListElement\":[{\"@type\":\"ListItem\",\"position\":1,\"name\":\"Po\u010detna stranica\",\"item\":\"https:\\\/\\\/www.kotisina-makarska.com\\\/en\\\/\"},{\"@type\":\"ListItem\",\"position\":2,\"name\":\"CILJEVI\"}]},{\"@type\":\"WebSite\",\"@id\":\"https:\\\/\\\/www.kotisina-makarska.com\\\/en\\\/#website\",\"url\":\"https:\\\/\\\/www.kotisina-makarska.com\\\/en\\\/\",\"name\":\"Koti\u0161ina - Makarska\",\"description\":\"\",\"publisher\":{\"@id\":\"https:\\\/\\\/www.kotisina-makarska.com\\\/en\\\/#organization\"},\"potentialAction\":[{\"@type\":\"SearchAction\",\"target\":{\"@type\":\"EntryPoint\",\"urlTemplate\":\"https:\\\/\\\/www.kotisina-makarska.com\\\/en\\\/?s={search_term_string}\"},\"query-input\":{\"@type\":\"PropertyValueSpecification\",\"valueRequired\":true,\"valueName\":\"search_term_string\"}}],\"inLanguage\":\"en-US\"},{\"@type\":\"Organization\",\"@id\":\"https:\\\/\\\/www.kotisina-makarska.com\\\/en\\\/#organization\",\"name\":\"Koti\u0161ina - Makarska\",\"url\":\"https:\\\/\\\/www.kotisina-makarska.com\\\/en\\\/\",\"logo\":{\"@type\":\"ImageObject\",\"inLanguage\":\"en-US\",\"@id\":\"https:\\\/\\\/www.kotisina-makarska.com\\\/en\\\/#\\\/schema\\\/logo\\\/image\\\/\",\"url\":\"https:\\\/\\\/www.kotisina-makarska.com\\\/wp-content\\\/uploads\\\/2020\\\/11\\\/favicon.png\",\"contentUrl\":\"https:\\\/\\\/www.kotisina-makarska.com\\\/wp-content\\\/uploads\\\/2020\\\/11\\\/favicon.png\",\"width\":512,\"height\":512,\"caption\":\"Koti\u0161ina - Makarska\"},\"image\":{\"@id\":\"https:\\\/\\\/www.kotisina-makarska.com\\\/en\\\/#\\\/schema\\\/logo\\\/image\\\/\"},\"sameAs\":[\"https:\\\/\\\/www.facebook.com\\\/kotisina1makarska\",\"https:\\\/\\\/www.instagram.com\\\/kotisina.biokovo\\\/\"]}]}<\/script>\n<!-- \/ Yoast SEO plugin. -->","yoast_head_json":{"title":"CILJEVI - Interpretacijski centar Veliki ka\u0161tel Koti\u0161ina - Makarska","robots":{"index":"index","follow":"follow","max-snippet":"max-snippet:-1","max-image-preview":"max-image-preview:large","max-video-preview":"max-video-preview:-1"},"canonical":"https:\/\/www.kotisina-makarska.com\/en\/ciljevi\/","og_locale":"en_US","og_type":"article","og_title":"CILJEVI - Interpretacijski centar Veliki ka\u0161tel Koti\u0161ina - Makarska","og_description":"Prirodni prostor na kojem se nalazi podru\u010dje Koti\u0161ine obiluje mnogim prirodnim, povijesnim i krajobraznim vrijednostima. &nbsp; Osim beskrajne vizure koju daje sraz planine i mora, tu su brojni tragovi ljudskog \u017eivljenja, gra\u0111evine utkane podno planinskog masiva, mnogi izvori pitke planinske vode, rasko\u0161nost autohtonih biljnih zajednica i flornih elemenata te bogatstvo vizualnih, auditivnih i olafaktornih podra\u017eaja [&hellip;]","og_url":"https:\/\/www.kotisina-makarska.com\/en\/ciljevi\/","og_site_name":"Interpretacijski centar Veliki ka\u0161tel Koti\u0161ina - Makarska","article_publisher":"https:\/\/www.facebook.com\/kotisina1makarska","twitter_card":"summary_large_image","twitter_misc":{"Est. reading time":"3 minutes"},"schema":{"@context":"https:\/\/schema.org","@graph":[{"@type":"WebPage","@id":"https:\/\/www.kotisina-makarska.com\/en\/ciljevi\/","url":"https:\/\/www.kotisina-makarska.com\/en\/ciljevi\/","name":"CILJEVI - Interpretacijski centar Veliki ka\u0161tel Koti\u0161ina - Makarska","isPartOf":{"@id":"https:\/\/www.kotisina-makarska.com\/en\/#website"},"datePublished":"2020-11-11T09:39:26+00:00","breadcrumb":{"@id":"https:\/\/www.kotisina-makarska.com\/en\/ciljevi\/#breadcrumb"},"inLanguage":"en-US","potentialAction":[{"@type":"ReadAction","target":["https:\/\/www.kotisina-makarska.com\/en\/ciljevi\/"]}]},{"@type":"BreadcrumbList","@id":"https:\/\/www.kotisina-makarska.com\/en\/ciljevi\/#breadcrumb","itemListElement":[{"@type":"ListItem","position":1,"name":"Po\u010detna stranica","item":"https:\/\/www.kotisina-makarska.com\/en\/"},{"@type":"ListItem","position":2,"name":"CILJEVI"}]},{"@type":"WebSite","@id":"https:\/\/www.kotisina-makarska.com\/en\/#website","url":"https:\/\/www.kotisina-makarska.com\/en\/","name":"Koti\u0161ina - Makarska","description":"","publisher":{"@id":"https:\/\/www.kotisina-makarska.com\/en\/#organization"},"potentialAction":[{"@type":"SearchAction","target":{"@type":"EntryPoint","urlTemplate":"https:\/\/www.kotisina-makarska.com\/en\/?s={search_term_string}"},"query-input":{"@type":"PropertyValueSpecification","valueRequired":true,"valueName":"search_term_string"}}],"inLanguage":"en-US"},{"@type":"Organization","@id":"https:\/\/www.kotisina-makarska.com\/en\/#organization","name":"Koti\u0161ina - Makarska","url":"https:\/\/www.kotisina-makarska.com\/en\/","logo":{"@type":"ImageObject","inLanguage":"en-US","@id":"https:\/\/www.kotisina-makarska.com\/en\/#\/schema\/logo\/image\/","url":"https:\/\/www.kotisina-makarska.com\/wp-content\/uploads\/2020\/11\/favicon.png","contentUrl":"https:\/\/www.kotisina-makarska.com\/wp-content\/uploads\/2020\/11\/favicon.png","width":512,"height":512,"caption":"Koti\u0161ina - Makarska"},"image":{"@id":"https:\/\/www.kotisina-makarska.com\/en\/#\/schema\/logo\/image\/"},"sameAs":["https:\/\/www.facebook.com\/kotisina1makarska","https:\/\/www.instagram.com\/kotisina.biokovo\/"]}]}},"_links":{"self":[{"href":"https:\/\/www.kotisina-makarska.com\/en\/wp-json\/wp\/v2\/pages\/786","targetHints":{"allow":["GET"]}}],"collection":[{"href":"https:\/\/www.kotisina-makarska.com\/en\/wp-json\/wp\/v2\/pages"}],"about":[{"href":"https:\/\/www.kotisina-makarska.com\/en\/wp-json\/wp\/v2\/types\/page"}],"author":[{"embeddable":true,"href":"https:\/\/www.kotisina-makarska.com\/en\/wp-json\/wp\/v2\/users\/2"}],"replies":[{"embeddable":true,"href":"https:\/\/www.kotisina-makarska.com\/en\/wp-json\/wp\/v2\/comments?post=786"}],"version-history":[{"count":0,"href":"https:\/\/www.kotisina-makarska.com\/en\/wp-json\/wp\/v2\/pages\/786\/revisions"}],"wp:attachment":[{"href":"https:\/\/www.kotisina-makarska.com\/en\/wp-json\/wp\/v2\/media?parent=786"}],"curies":[{"name":"wp","href":"https:\/\/api.w.org\/{rel}","templated":true}]}}