{"id":725,"date":"2020-11-11T10:39:06","date_gmt":"2020-11-11T09:39:06","guid":{"rendered":"https:\/\/www.kotisina-makarska.com\/kotisina\/"},"modified":"2021-07-19T18:33:23","modified_gmt":"2021-07-19T17:33:23","slug":"kotisina","status":"publish","type":"page","link":"https:\/\/www.kotisina-makarska.com\/en\/kotisina\/","title":{"rendered":"KOTI\u0160INA"},"content":{"rendered":"<h4>KOTI\u0160INA<\/h4>\n<h4><span style=\"color: #839da7;\">The village of Koti\u0161ina developed at the foot of the cliffs of Biokovo, here at the most elevated in its massif facing the sea. It is mentioned in a written document at the end of the Middle Ages, in 1434., but it was inhabited as early as the Bronze Age (2200-800 BC). It was then buried in stone tumuli on Zagon, the southern approach to the village. Remains of habitats have been observed in Bu\u010devica and in a cave inside Veliki Ka\u0161tel. In it, archaeological research in 2018 confirmed the Bronze Age cultural layer. Rocky Double War (173 m \/ nm) and a lower position near the church of St. Andrew had the function of observatories of land and coastal communications during prehistory and late antiquity. Since that time, trails through Biokovo have been used as connections with villages in the inlands.<\/span><\/h4>\n<h4><span style=\"color: #839da7;\">In Koti\u0161ina, residential and commercial buildings with external stairs have been preserved, authentic examples of traditional architecture at the foot of Biokovo. They were erected in 18<sup>th<\/sup> \u201319<sup>th<\/sup> century when the village, also called the suburbs of Makarska, had 600 inhabitants. In the middle of the 20<sup>th<\/sup> century, a monument to the victims of fascism was erected along the road.<\/span><\/h4>\n<h4><a href=\"https:\/\/www.kotisina-makarska.com\/wp-content\/uploads\/2020\/11\/Otvorenje-IC_11.jpg\"><img loading=\"lazy\" decoding=\"async\" class=\"alignnone wp-image-186 size-large\" src=\"https:\/\/www.kotisina-makarska.com\/wp-content\/uploads\/2020\/11\/Otvorenje-IC_11-1024x682.jpg\" alt=\"\" width=\"1024\" height=\"682\" srcset=\"https:\/\/www.kotisina-makarska.com\/wp-content\/uploads\/2020\/11\/Otvorenje-IC_11-1024x682.jpg 1024w, https:\/\/www.kotisina-makarska.com\/wp-content\/uploads\/2020\/11\/Otvorenje-IC_11-300x200.jpg 300w, https:\/\/www.kotisina-makarska.com\/wp-content\/uploads\/2020\/11\/Otvorenje-IC_11-768x512.jpg 768w, https:\/\/www.kotisina-makarska.com\/wp-content\/uploads\/2020\/11\/Otvorenje-IC_11-1536x1023.jpg 1536w, https:\/\/www.kotisina-makarska.com\/wp-content\/uploads\/2020\/11\/Otvorenje-IC_11.jpg 1920w\" sizes=\"auto, (max-width: 1024px) 100vw, 1024px\" \/><\/a><\/h4>\n<h4><span style=\"color: #4f5052;\">CHURCH OF ST. MARTIN<\/span><\/h4>\n<h4><span style=\"color: #839da7;\">On the elevated western approach to the village, church of St. Martin was erected in the 13<sup>th<\/sup> \u201314<sup>th<\/sup> century. The Romanesque style of the church with a semicircular apse reveals the construction much earlier than its first mention in 1627. The church was extended in the late 17<sup>th<\/sup> or early 18<sup>th<\/sup> century with the introduction of modest Baroque stylistic elements. Its restoration in 2019 was accompanied by archaeological excavations of graves inside and outside the church. They have proven the continuity of the cemetery next to the church since the Middle Ages. Next to the church is the Foot of St. Martin, European landmark of monuments dedicated to St. Martin, the Bishop of Tours.<\/span><\/h4>\n<h4><a href=\"https:\/\/www.kotisina-makarska.com\/wp-content\/uploads\/2020\/11\/kotisna_T2A5651.jpg\"><img loading=\"lazy\" decoding=\"async\" class=\"wp-image-133 size-large alignnone\" src=\"https:\/\/www.kotisina-makarska.com\/wp-content\/uploads\/2020\/11\/kotisna_T2A5651-1024x683.jpg\" alt=\"\" width=\"1024\" height=\"683\" srcset=\"https:\/\/www.kotisina-makarska.com\/wp-content\/uploads\/2020\/11\/kotisna_T2A5651-1024x683.jpg 1024w, https:\/\/www.kotisina-makarska.com\/wp-content\/uploads\/2020\/11\/kotisna_T2A5651-300x200.jpg 300w, https:\/\/www.kotisina-makarska.com\/wp-content\/uploads\/2020\/11\/kotisna_T2A5651-768x512.jpg 768w, https:\/\/www.kotisina-makarska.com\/wp-content\/uploads\/2020\/11\/kotisna_T2A5651-1536x1024.jpg 1536w, https:\/\/www.kotisina-makarska.com\/wp-content\/uploads\/2020\/11\/kotisna_T2A5651.jpg 1920w\" sizes=\"auto, (max-width: 1024px) 100vw, 1024px\" \/><\/a><\/h4>\n<h4><span style=\"color: #4f5052;\">CHURCH OF ST. ANTHONY<\/span><\/h4>\n<h4><span style=\"color: #839da7;\">Church of St. Anthony above the centre of Koti\u0161ina is a harmonious neo-style construction from 1901-1903. During its renovation in 2019, archaeological excavations revealed the basic remains of an earlier church from the second half of the 17<sup>th<\/sup> century, and its additions from the 18<sup>th<\/sup> century.<\/span><\/h4>\n<h4><a href=\"https:\/\/www.kotisina-makarska.com\/wp-content\/uploads\/2020\/12\/Crkva-Ante_DSC08295-3-scaled.jpg\"><img loading=\"lazy\" decoding=\"async\" class=\"wp-image-384 size-large alignnone\" src=\"https:\/\/www.kotisina-makarska.com\/wp-content\/uploads\/2020\/12\/Crkva-Ante_DSC08295-3-683x1024.jpg\" alt=\"\" width=\"683\" height=\"1024\" srcset=\"https:\/\/www.kotisina-makarska.com\/wp-content\/uploads\/2020\/12\/Crkva-Ante_DSC08295-3-683x1024.jpg 683w, https:\/\/www.kotisina-makarska.com\/wp-content\/uploads\/2020\/12\/Crkva-Ante_DSC08295-3-200x300.jpg 200w, https:\/\/www.kotisina-makarska.com\/wp-content\/uploads\/2020\/12\/Crkva-Ante_DSC08295-3-768x1152.jpg 768w, https:\/\/www.kotisina-makarska.com\/wp-content\/uploads\/2020\/12\/Crkva-Ante_DSC08295-3-1024x1536.jpg 1024w, https:\/\/www.kotisina-makarska.com\/wp-content\/uploads\/2020\/12\/Crkva-Ante_DSC08295-3-1365x2048.jpg 1365w, https:\/\/www.kotisina-makarska.com\/wp-content\/uploads\/2020\/12\/Crkva-Ante_DSC08295-3-scaled.jpg 1707w\" sizes=\"auto, (max-width: 683px) 100vw, 683px\" \/><\/a><\/h4>\n<h4>VELIKI KA\u0160TEL<\/h4>\n<h4><span style=\"color: #839da7;\">The large castle along the cliffs of Biokovo is a multi-storey fortification adaptation of a cave and a raised building from the time of the Candian War (1645-1669). It was built by local forces under the supervision of Venice to unite the military and refugee role, a shelter for the population in the then conflict with the Ottomans. After the renovation and reconstruction of its interior in 2019, the exhibition and presentation centre under the management of the City Museum is located in the castle. To the west, within the crevice of the cliffs, the Little Castle was built in the 17<sup>th<\/sup> century.<\/span><\/h4>\n<h4><a href=\"https:\/\/www.kotisina-makarska.com\/wp-content\/uploads\/2020\/11\/slider-1-4.jpg\" rel=\"attachment wp-att-43\"><img loading=\"lazy\" decoding=\"async\" class=\"wp-image-43 size-large alignnone\" src=\"https:\/\/www.kotisina-makarska.com\/wp-content\/uploads\/2020\/11\/slider-1-4-1024x683.jpg\" alt=\"\" width=\"1024\" height=\"683\" srcset=\"https:\/\/www.kotisina-makarska.com\/wp-content\/uploads\/2020\/11\/slider-1-4-1024x683.jpg 1024w, https:\/\/www.kotisina-makarska.com\/wp-content\/uploads\/2020\/11\/slider-1-4-300x200.jpg 300w, https:\/\/www.kotisina-makarska.com\/wp-content\/uploads\/2020\/11\/slider-1-4-768x512.jpg 768w, https:\/\/www.kotisina-makarska.com\/wp-content\/uploads\/2020\/11\/slider-1-4-1536x1024.jpg 1536w, https:\/\/www.kotisina-makarska.com\/wp-content\/uploads\/2020\/11\/slider-1-4.jpg 1920w\" sizes=\"auto, (max-width: 1024px) 100vw, 1024px\" \/><\/a><\/h4>\n<h4><\/h4>\n<h4><span style=\"color: #4f5052;\">BIRTH HOUSE OF FATHER PETAR PERICA<\/span><\/h4>\n<h4><span style=\"color: #839da7;\">In the ambient centre of the old village, the birth house of the Koti\u0161ina born and descendant of the ancient Ka\u010di\u0107 tribe, Father Petar Perica, a Jesuit, poet and martyr (1881-1944), author of extremely popular songs, has been restored.<\/span><\/h4>\n<p>&nbsp;<\/p>\n<h4><span style=\"color: #4f5052;\">BIOKOVO BOTANICAL GARDEN<\/span><\/h4>\n<h4><span style=\"color: #839da7;\">Biokovo botanical garden Koti\u0161ina is a mountain botanical garden located in the hamlet of Koti\u0161ina, on the slopes of the mountain Biokovo and is an integral part of the Biokovo Nature Park. It was founded in 1984 on the idea of dr. Fr. Jure Radi\u0107, his associates and volunteers, and was conceived as &#8220;Biokovo in miniature&#8221;. The garden is specific with its appearance and characteristics because it contains around the native flora that is indigenous to the area of the Nature Park and Podbiokovlje. On a relatively small area of 3.5 ha, you can find various habitats of rocky, sipari, arable land, cliffs and the canyon Proslap, where during heavy rains, a waterfall of the same name is created. About 250 different plants can currently be seen in these habitats, many of which are endemic or strictly protected species. Since all species are native, in any part of the year, regardless of climatic conditions, flowering plants can be seen, so this garden bears another name &#8220;Garden of twelve flowering months&#8221;. Seven zones of the garden (Plants of Biokovo gorges, Plants of Biokovo rocks, Medicinal plants of the Biokovo area, Agricultural plants and cultures, Plants of wider areas, Plants of sipari and Other plants of Biokovo) are connected by footpaths, where in some places there are educational boards and benches for rest.<\/span><\/h4>\n<p><a href=\"https:\/\/www.kotisina-makarska.com\/wp-content\/uploads\/2020\/12\/Botanicki-vrt_DSC07870.jpg\"><img loading=\"lazy\" decoding=\"async\" class=\"wp-image-383 size-large alignnone\" src=\"https:\/\/www.kotisina-makarska.com\/wp-content\/uploads\/2020\/12\/Botanicki-vrt_DSC07870-819x1024.jpg\" alt=\"\" width=\"819\" height=\"1024\" srcset=\"https:\/\/www.kotisina-makarska.com\/wp-content\/uploads\/2020\/12\/Botanicki-vrt_DSC07870-819x1024.jpg 819w, https:\/\/www.kotisina-makarska.com\/wp-content\/uploads\/2020\/12\/Botanicki-vrt_DSC07870-240x300.jpg 240w, https:\/\/www.kotisina-makarska.com\/wp-content\/uploads\/2020\/12\/Botanicki-vrt_DSC07870-768x960.jpg 768w, https:\/\/www.kotisina-makarska.com\/wp-content\/uploads\/2020\/12\/Botanicki-vrt_DSC07870-1229x1536.jpg 1229w, https:\/\/www.kotisina-makarska.com\/wp-content\/uploads\/2020\/12\/Botanicki-vrt_DSC07870-1638x2048.jpg 1638w, https:\/\/www.kotisina-makarska.com\/wp-content\/uploads\/2020\/12\/Botanicki-vrt_DSC07870.jpg 1920w\" sizes=\"auto, (max-width: 819px) 100vw, 819px\" \/><\/a><\/p>\n","protected":false},"excerpt":{"rendered":"<p>KOTI\u0160INA The village of Koti\u0161ina developed at the foot of the cliffs of Biokovo, here at the most elevated in its massif facing the sea. It is mentioned in a written document at the end of the Middle Ages, in 1434., but it was inhabited as early as the Bronze Age (2200-800 BC). It was [&hellip;]<\/p>\n","protected":false},"author":2,"featured_media":727,"parent":0,"menu_order":0,"comment_status":"closed","ping_status":"closed","template":"page-default-full.php","meta":{"_acf_changed":false,"footnotes":""},"class_list":["post-725","page","type-page","status-publish","has-post-thumbnail","hentry"],"acf":[],"yoast_head":"<!-- This site is optimized with the Yoast SEO plugin v27.3 - https:\/\/yoast.com\/product\/yoast-seo-wordpress\/ -->\n<title>KOTI\u0160INA<\/title>\n<meta name=\"robots\" content=\"index, follow, max-snippet:-1, max-image-preview:large, max-video-preview:-1\" \/>\n<link rel=\"canonical\" href=\"https:\/\/www.kotisina-makarska.com\/en\/kotisina\/\" \/>\n<meta property=\"og:locale\" content=\"en_US\" \/>\n<meta property=\"og:type\" content=\"article\" \/>\n<meta property=\"og:title\" content=\"KOTI\u0160INA\" \/>\n<meta property=\"og:description\" content=\"KOTI\u0160INA The village of Koti\u0161ina developed at the foot of the cliffs of Biokovo, here at the most elevated in its massif facing the sea. It is mentioned in a written document at the end of the Middle Ages, in 1434., but it was inhabited as early as the Bronze Age (2200-800 BC). It was [&hellip;]\" \/>\n<meta property=\"og:url\" content=\"https:\/\/www.kotisina-makarska.com\/en\/kotisina\/\" \/>\n<meta property=\"og:site_name\" content=\"Interpretacijski centar Veliki ka\u0161tel Koti\u0161ina - Makarska\" \/>\n<meta property=\"article:publisher\" content=\"https:\/\/www.facebook.com\/kotisina1makarska\" \/>\n<meta property=\"article:modified_time\" content=\"2021-07-19T17:33:23+00:00\" \/>\n<meta property=\"og:image\" content=\"https:\/\/www.kotisina-makarska.com\/wp-content\/uploads\/2020\/11\/Istaknuta_kotisina1.jpg\" \/>\n\t<meta property=\"og:image:width\" content=\"1297\" \/>\n\t<meta property=\"og:image:height\" content=\"454\" \/>\n\t<meta property=\"og:image:type\" content=\"image\/jpeg\" \/>\n<meta name=\"twitter:card\" content=\"summary_large_image\" \/>\n<meta name=\"twitter:label1\" content=\"Est. reading time\" \/>\n\t<meta name=\"twitter:data1\" content=\"5 minutes\" \/>\n<script type=\"application\/ld+json\" class=\"yoast-schema-graph\">{\"@context\":\"https:\\\/\\\/schema.org\",\"@graph\":[{\"@type\":\"WebPage\",\"@id\":\"https:\\\/\\\/www.kotisina-makarska.com\\\/en\\\/kotisina\\\/\",\"url\":\"https:\\\/\\\/www.kotisina-makarska.com\\\/en\\\/kotisina\\\/\",\"name\":\"KOTI\u0160INA\",\"isPartOf\":{\"@id\":\"https:\\\/\\\/www.kotisina-makarska.com\\\/en\\\/#website\"},\"primaryImageOfPage\":{\"@id\":\"https:\\\/\\\/www.kotisina-makarska.com\\\/en\\\/kotisina\\\/#primaryimage\"},\"image\":{\"@id\":\"https:\\\/\\\/www.kotisina-makarska.com\\\/en\\\/kotisina\\\/#primaryimage\"},\"thumbnailUrl\":\"https:\\\/\\\/www.kotisina-makarska.com\\\/wp-content\\\/uploads\\\/2020\\\/11\\\/Istaknuta_kotisina1.jpg\",\"datePublished\":\"2020-11-11T09:39:06+00:00\",\"dateModified\":\"2021-07-19T17:33:23+00:00\",\"breadcrumb\":{\"@id\":\"https:\\\/\\\/www.kotisina-makarska.com\\\/en\\\/kotisina\\\/#breadcrumb\"},\"inLanguage\":\"en-US\",\"potentialAction\":[{\"@type\":\"ReadAction\",\"target\":[\"https:\\\/\\\/www.kotisina-makarska.com\\\/en\\\/kotisina\\\/\"]}]},{\"@type\":\"ImageObject\",\"inLanguage\":\"en-US\",\"@id\":\"https:\\\/\\\/www.kotisina-makarska.com\\\/en\\\/kotisina\\\/#primaryimage\",\"url\":\"https:\\\/\\\/www.kotisina-makarska.com\\\/wp-content\\\/uploads\\\/2020\\\/11\\\/Istaknuta_kotisina1.jpg\",\"contentUrl\":\"https:\\\/\\\/www.kotisina-makarska.com\\\/wp-content\\\/uploads\\\/2020\\\/11\\\/Istaknuta_kotisina1.jpg\",\"width\":1297,\"height\":454,\"caption\":\"kotisina-makarska.com\"},{\"@type\":\"BreadcrumbList\",\"@id\":\"https:\\\/\\\/www.kotisina-makarska.com\\\/en\\\/kotisina\\\/#breadcrumb\",\"itemListElement\":[{\"@type\":\"ListItem\",\"position\":1,\"name\":\"Po\u010detna stranica\",\"item\":\"https:\\\/\\\/www.kotisina-makarska.com\\\/en\\\/\"},{\"@type\":\"ListItem\",\"position\":2,\"name\":\"KOTI\u0160INA\"}]},{\"@type\":\"WebSite\",\"@id\":\"https:\\\/\\\/www.kotisina-makarska.com\\\/en\\\/#website\",\"url\":\"https:\\\/\\\/www.kotisina-makarska.com\\\/en\\\/\",\"name\":\"Koti\u0161ina - Makarska\",\"description\":\"\",\"publisher\":{\"@id\":\"https:\\\/\\\/www.kotisina-makarska.com\\\/en\\\/#organization\"},\"potentialAction\":[{\"@type\":\"SearchAction\",\"target\":{\"@type\":\"EntryPoint\",\"urlTemplate\":\"https:\\\/\\\/www.kotisina-makarska.com\\\/en\\\/?s={search_term_string}\"},\"query-input\":{\"@type\":\"PropertyValueSpecification\",\"valueRequired\":true,\"valueName\":\"search_term_string\"}}],\"inLanguage\":\"en-US\"},{\"@type\":\"Organization\",\"@id\":\"https:\\\/\\\/www.kotisina-makarska.com\\\/en\\\/#organization\",\"name\":\"Koti\u0161ina - Makarska\",\"url\":\"https:\\\/\\\/www.kotisina-makarska.com\\\/en\\\/\",\"logo\":{\"@type\":\"ImageObject\",\"inLanguage\":\"en-US\",\"@id\":\"https:\\\/\\\/www.kotisina-makarska.com\\\/en\\\/#\\\/schema\\\/logo\\\/image\\\/\",\"url\":\"https:\\\/\\\/www.kotisina-makarska.com\\\/wp-content\\\/uploads\\\/2020\\\/11\\\/favicon.png\",\"contentUrl\":\"https:\\\/\\\/www.kotisina-makarska.com\\\/wp-content\\\/uploads\\\/2020\\\/11\\\/favicon.png\",\"width\":512,\"height\":512,\"caption\":\"Koti\u0161ina - Makarska\"},\"image\":{\"@id\":\"https:\\\/\\\/www.kotisina-makarska.com\\\/en\\\/#\\\/schema\\\/logo\\\/image\\\/\"},\"sameAs\":[\"https:\\\/\\\/www.facebook.com\\\/kotisina1makarska\",\"https:\\\/\\\/www.instagram.com\\\/kotisina.biokovo\\\/\"]}]}<\/script>\n<!-- \/ Yoast SEO plugin. -->","yoast_head_json":{"title":"KOTI\u0160INA","robots":{"index":"index","follow":"follow","max-snippet":"max-snippet:-1","max-image-preview":"max-image-preview:large","max-video-preview":"max-video-preview:-1"},"canonical":"https:\/\/www.kotisina-makarska.com\/en\/kotisina\/","og_locale":"en_US","og_type":"article","og_title":"KOTI\u0160INA","og_description":"KOTI\u0160INA The village of Koti\u0161ina developed at the foot of the cliffs of Biokovo, here at the most elevated in its massif facing the sea. It is mentioned in a written document at the end of the Middle Ages, in 1434., but it was inhabited as early as the Bronze Age (2200-800 BC). It was [&hellip;]","og_url":"https:\/\/www.kotisina-makarska.com\/en\/kotisina\/","og_site_name":"Interpretacijski centar Veliki ka\u0161tel Koti\u0161ina - Makarska","article_publisher":"https:\/\/www.facebook.com\/kotisina1makarska","article_modified_time":"2021-07-19T17:33:23+00:00","og_image":[{"width":1297,"height":454,"url":"https:\/\/www.kotisina-makarska.com\/wp-content\/uploads\/2020\/11\/Istaknuta_kotisina1.jpg","type":"image\/jpeg"}],"twitter_card":"summary_large_image","twitter_misc":{"Est. reading time":"5 minutes"},"schema":{"@context":"https:\/\/schema.org","@graph":[{"@type":"WebPage","@id":"https:\/\/www.kotisina-makarska.com\/en\/kotisina\/","url":"https:\/\/www.kotisina-makarska.com\/en\/kotisina\/","name":"KOTI\u0160INA","isPartOf":{"@id":"https:\/\/www.kotisina-makarska.com\/en\/#website"},"primaryImageOfPage":{"@id":"https:\/\/www.kotisina-makarska.com\/en\/kotisina\/#primaryimage"},"image":{"@id":"https:\/\/www.kotisina-makarska.com\/en\/kotisina\/#primaryimage"},"thumbnailUrl":"https:\/\/www.kotisina-makarska.com\/wp-content\/uploads\/2020\/11\/Istaknuta_kotisina1.jpg","datePublished":"2020-11-11T09:39:06+00:00","dateModified":"2021-07-19T17:33:23+00:00","breadcrumb":{"@id":"https:\/\/www.kotisina-makarska.com\/en\/kotisina\/#breadcrumb"},"inLanguage":"en-US","potentialAction":[{"@type":"ReadAction","target":["https:\/\/www.kotisina-makarska.com\/en\/kotisina\/"]}]},{"@type":"ImageObject","inLanguage":"en-US","@id":"https:\/\/www.kotisina-makarska.com\/en\/kotisina\/#primaryimage","url":"https:\/\/www.kotisina-makarska.com\/wp-content\/uploads\/2020\/11\/Istaknuta_kotisina1.jpg","contentUrl":"https:\/\/www.kotisina-makarska.com\/wp-content\/uploads\/2020\/11\/Istaknuta_kotisina1.jpg","width":1297,"height":454,"caption":"kotisina-makarska.com"},{"@type":"BreadcrumbList","@id":"https:\/\/www.kotisina-makarska.com\/en\/kotisina\/#breadcrumb","itemListElement":[{"@type":"ListItem","position":1,"name":"Po\u010detna stranica","item":"https:\/\/www.kotisina-makarska.com\/en\/"},{"@type":"ListItem","position":2,"name":"KOTI\u0160INA"}]},{"@type":"WebSite","@id":"https:\/\/www.kotisina-makarska.com\/en\/#website","url":"https:\/\/www.kotisina-makarska.com\/en\/","name":"Koti\u0161ina - Makarska","description":"","publisher":{"@id":"https:\/\/www.kotisina-makarska.com\/en\/#organization"},"potentialAction":[{"@type":"SearchAction","target":{"@type":"EntryPoint","urlTemplate":"https:\/\/www.kotisina-makarska.com\/en\/?s={search_term_string}"},"query-input":{"@type":"PropertyValueSpecification","valueRequired":true,"valueName":"search_term_string"}}],"inLanguage":"en-US"},{"@type":"Organization","@id":"https:\/\/www.kotisina-makarska.com\/en\/#organization","name":"Koti\u0161ina - Makarska","url":"https:\/\/www.kotisina-makarska.com\/en\/","logo":{"@type":"ImageObject","inLanguage":"en-US","@id":"https:\/\/www.kotisina-makarska.com\/en\/#\/schema\/logo\/image\/","url":"https:\/\/www.kotisina-makarska.com\/wp-content\/uploads\/2020\/11\/favicon.png","contentUrl":"https:\/\/www.kotisina-makarska.com\/wp-content\/uploads\/2020\/11\/favicon.png","width":512,"height":512,"caption":"Koti\u0161ina - Makarska"},"image":{"@id":"https:\/\/www.kotisina-makarska.com\/en\/#\/schema\/logo\/image\/"},"sameAs":["https:\/\/www.facebook.com\/kotisina1makarska","https:\/\/www.instagram.com\/kotisina.biokovo\/"]}]}},"_links":{"self":[{"href":"https:\/\/www.kotisina-makarska.com\/en\/wp-json\/wp\/v2\/pages\/725","targetHints":{"allow":["GET"]}}],"collection":[{"href":"https:\/\/www.kotisina-makarska.com\/en\/wp-json\/wp\/v2\/pages"}],"about":[{"href":"https:\/\/www.kotisina-makarska.com\/en\/wp-json\/wp\/v2\/types\/page"}],"author":[{"embeddable":true,"href":"https:\/\/www.kotisina-makarska.com\/en\/wp-json\/wp\/v2\/users\/2"}],"replies":[{"embeddable":true,"href":"https:\/\/www.kotisina-makarska.com\/en\/wp-json\/wp\/v2\/comments?post=725"}],"version-history":[{"count":4,"href":"https:\/\/www.kotisina-makarska.com\/en\/wp-json\/wp\/v2\/pages\/725\/revisions"}],"predecessor-version":[{"id":733,"href":"https:\/\/www.kotisina-makarska.com\/en\/wp-json\/wp\/v2\/pages\/725\/revisions\/733"}],"wp:featuredmedia":[{"embeddable":true,"href":"https:\/\/www.kotisina-makarska.com\/en\/wp-json\/wp\/v2\/media\/727"}],"wp:attachment":[{"href":"https:\/\/www.kotisina-makarska.com\/en\/wp-json\/wp\/v2\/media?parent=725"}],"curies":[{"name":"wp","href":"https:\/\/api.w.org\/{rel}","templated":true}]}}