{"id":718,"date":"2020-11-11T10:39:00","date_gmt":"2020-11-11T09:39:00","guid":{"rendered":"https:\/\/www.kotisina-makarska.com\/o-projektu\/"},"modified":"2021-07-19T18:21:42","modified_gmt":"2021-07-19T17:21:42","slug":"about-the-project","status":"publish","type":"page","link":"https:\/\/www.kotisina-makarska.com\/en\/about-the-project\/","title":{"rendered":"ABOUT THE PROJECT"},"content":{"rendered":"<h3><span style=\"color: #4f5052;\">Revitalization of the cultural and historical heritage of the hamlet of Koti\u0161ina<\/span><\/h3>\n<h4 style=\"text-align: left;\"><span style=\"color: #4f5052;\"><em><strong>\u00a0<\/strong><\/em><\/span><\/h4>\n<h4><span style=\"color: #4f5052;\"><strong>Coordinator<\/strong>:<\/span><\/h4>\n<h4 style=\"text-align: left;\"><span style=\"color: #839da7;\"><strong>City of Makarska<\/strong><\/span><\/h4>\n<h4 style=\"text-align: left;\"><span style=\"color: #4f5052;\">Project partners:<\/span><\/h4>\n<h4><span style=\"color: #839da7;\">Makarska Tourist Board,<br \/>\nPublic institution Biokovo Nature Park,<br \/>\n<\/span><span style=\"color: #839da7;\"><strong>TIP-EXTREME, travel agency, transport, agriculture, trade and services<\/strong><\/span><\/h4>\n<h4><span style=\"color: #839da7;\">\u00a0<\/span><\/h4>\n<p>&nbsp;<\/p>\n<p style=\"padding-left: 40px; text-align: left;\"><img loading=\"lazy\" decoding=\"async\" class=\"wp-image-292 size-full alignleft\" src=\"https:\/\/www.kotisina-makarska.com\/wp-content\/uploads\/2020\/11\/logotipi_partneri-Makarska02.jpg\" alt=\"\" width=\"1000\" height=\"107\" srcset=\"https:\/\/www.kotisina-makarska.com\/wp-content\/uploads\/2020\/11\/logotipi_partneri-Makarska02.jpg 1000w, https:\/\/www.kotisina-makarska.com\/wp-content\/uploads\/2020\/11\/logotipi_partneri-Makarska02-300x32.jpg 300w, https:\/\/www.kotisina-makarska.com\/wp-content\/uploads\/2020\/11\/logotipi_partneri-Makarska02-768x82.jpg 768w\" sizes=\"auto, (max-width: 1000px) 100vw, 1000px\" \/><\/p>\n<p>&nbsp;<\/p>\n<p>&nbsp;<\/p>\n<h4><\/h4>\n<h4><\/h4>\n<p>&nbsp;<\/p>\n<p>&nbsp;<\/p>\n<h4><span style=\"color: #839da7;\">The project &#8220;Revitalization of cultural and historical heritage of the hamlet of Koti\u0161ina&#8221; is funded by the European Structural and Investment Funds &#8211; Operational Program Competitiveness and Cohesion 2014 &#8211; 2020, as part of the Call for Proposals &#8220;Preparation and implementation of integrated development programs based on cultural heritage restoration.&#8221;<\/span><\/h4>\n<h4 style=\"text-align: left;\"><span style=\"color: #839da7;\"><span style=\"color: #4f5052;\"><strong>Total project value<\/strong>:<\/span> HRK 18.008.943,45\u00a0<\/span><br \/>\n<span style=\"color: #839da7;\"><span style=\"color: #4f5052;\"><strong>Total eligible costs<\/strong>:<\/span> HRK 14.715.743,08\u00a0<\/span><br \/>\n<span style=\"color: #839da7;\"><span style=\"color: #4f5052;\"><strong>Grants<\/strong>:<\/span> HRK 12.508.313,68\u00a0<\/span><\/h4>\n<p><strong>Project implementation period<\/strong><span style=\"color: #839da7;\"><span style=\"color: #4f5052;\">:<br \/>\n<\/span><\/span><\/p>\n<h4><span style=\"color: #839da7;\">31 July 2017 to 31 December 2020<\/span><\/h4>\n<p><strong>Short description of the project<\/strong>:<\/p>\n<h4><span style=\"color: #839da7;\">The holder of this extremely important and valuable project called Revitalization of the cultural and historical heritage of the hamlet of Koti\u0161ina, is the City of Makarska. In partnership with the Tourist Board of Makarska, JU Biokovo Nature Park and travel agency Tip Extreme, the project is implemented with the aim of redirecting the tourist profile of our city and the sub-region by developing a unique cultural and tourist offer of the revitalized hamlet Koti\u0161ina.<\/span><\/h4>\n<h4><span style=\"color: #839da7;\">The natural area where the Koti\u0161ina area is located is rich in many natural, historical and landscape values. In addition to the endless view provided by the collision of mountain and sea, there are numerous traces of human life, buildings woven at the foot of the mountain massif, many sources of drinkable mountain water, the richness of indigenous plants and floral elements and a wealth of visual, auditory and olafactory stimuli. They give an unforgettable experience of the connection between man and nature. All of the above are the reasons why Koti\u0161ina was chosen for this program in which cultural heritage facilities were revitalized, and interactive and sustainable year-round recreational and cultural facilities were set up for all visitors.<\/span><\/h4>\n<h4><span style=\"color: #839da7;\">It is this project that provides a new picture of the rich and different tourist offer of the City of Makarska.<\/span><\/h4>\n<h4><span style=\"color: #4f5052;\">It is worth noting that the project consists of 6 important elements:<\/span><\/h4>\n<ul>\n<li>\n<h4><span style=\"color: #4f5052;\">establishment of the Interpretation Center Veliki Ka\u0161tel<\/span><\/h4>\n<\/li>\n<li>\n<h4><span style=\"color: #4f5052;\">arranging the open-air stage of St. Anthony<\/span><\/h4>\n<\/li>\n<li>\n<h4><span style=\"color: #4f5052;\">arrangement of educational trails and renovation of the church of St. Martin<\/span><\/h4>\n<\/li>\n<li>\n<h4><span style=\"color: #4f5052;\">realization of adrenaline and walking tours<\/span><\/h4>\n<\/li>\n<li>\n<h4><span style=\"color: #4f5052;\">arrangement of the pedestrian and bicycle path Makarska center &#8211; Koti\u0161ina<\/span><\/h4>\n<\/li>\n<li>\n<h4><span style=\"color: #4f5052;\">promotion activities that include branding of this new cultural and tourist content<\/span><\/h4>\n<\/li>\n<\/ul>\n<h4><span style=\"color: #839da7;\">Each of these elements has a significant role in the formation of the project, with special emphasis on the most important part of the Interpretation Center Veliki Ka\u0161tel, which was renovated and put into operation, that is, equipped with the latest multimedia technology. As such, it represents the central place of interpretation and presentation of the cultural and natural heritage of Koti\u0161ina, through three themes of the exhibition: archaeological, ethnological and natural heritage. Thus, some of the archeological exhibits found at the Koti\u0161ina site under the direction of the Makarska City Museum are on display, while ethnological stories present the way and style of life of the population with special emphasis on the connection between man and nature. Most of the center is dedicated to the natural heritage and the phenomenon of great plant diversity in the wider local area, especially the heritage of the Biokovo botanical garden Koti\u0161ina and the legacy of its founder, Fr. Jure Radi\u0107.<\/span><\/h4>\n<h4><span style=\"color: #839da7;\">All these innovations in interpretation have the goal of encouraging the raising of awareness and public interest in the preservation of cultural and natural heritage and improving the valuation of cultural heritage as a relevant and desirable attraction.<\/span><\/h4>\n<h4><span style=\"color: #839da7;\">Element of outdoor stage decoration in front of church of St. Anthony in the first phase included the reconstruction and rehabilitation of the church foundations and the implementation of the outdoor stage PROSLAP. The ambient quality of the landscape in which this stage has been adapted gives visitors the impression that the events take place in the middle of untouched nature, at the foot of the mountain cliffs with an unforgettable panoramic view.<\/span><\/h4>\n<h4><span style=\"color: #839da7;\">By arranging educational trails as well as the renovation, that is, the complete reconstruction of the church of St. Martin, new cultural and tourist facilities were realized.<\/span><\/h4>\n<h4><span style=\"color: #839da7;\">As part of its activities, the tourist agency Tip Extreme realized and promoted two very attractive walking and adrenaline tours Ka\u0161tel Koti\u0161ina and Koti\u0161ina &#8211; forgotten farming routes. Also, with the arrangement of the Makarska center &#8211; Koti\u0161ina bicycle path, three innovative, fully equipped rest areas on the cyclo-tourist route were realized, one of which also serves the purpose of bird watching.<\/span><\/h4>\n<h4><span style=\"color: #839da7;\">Finally, promotional activities are designed keeping in mind the visitors of the Split-Dalmatia County, but also the presentation in foreign markets. At the same time, through this part, the specific requirements of all the above and various components of the project have been ensured, with an emphasis on branding the entire new cultural and tourist content.<\/span><\/h4>\n<p>&nbsp;<\/p>\n<h4><span style=\"color: #4f5052;\">Contact person for more information:<\/span><\/h4>\n<h4><span style=\"color: #4f5052;\">Lidija Vukadin Vranje\u0161, univ.spec.oec.<\/span><\/h4>\n<h4><span style=\"color: #839da7;\">Makarska Development Agency \u2013 MARA<\/span><br \/>\n<span style=\"color: #839da7;\">Address: Franjeva\u010dki put 2, 21 300 Makarska<\/span><br \/>\n<span style=\"color: #839da7;\">Phone\/fax: +385 21 766 901<\/span><br \/>\n<span style=\"color: #839da7;\">Mobile phone: + 385 99 608 6559<\/span><br \/>\n<a href=\"https:\/\/mara-makarska.hr\/\"><span style=\"color: #839da7;\">www.mara-makarska.hr<\/span><\/a><\/h4>\n","protected":false},"excerpt":{"rendered":"<p>Revitalization of the cultural and historical heritage of the hamlet of Koti\u0161ina \u00a0 Coordinator: City of Makarska Project partners: Makarska Tourist Board, Public institution Biokovo Nature Park, TIP-EXTREME, travel agency, transport, agriculture, trade and services \u00a0 &nbsp; &nbsp; &nbsp; &nbsp; &nbsp; The project &#8220;Revitalization of cultural and historical heritage of the hamlet of Koti\u0161ina&#8221; is [&hellip;]<\/p>\n","protected":false},"author":2,"featured_media":0,"parent":0,"menu_order":0,"comment_status":"closed","ping_status":"closed","template":"page-default.php","meta":{"_acf_changed":false,"footnotes":""},"class_list":["post-718","page","type-page","status-publish","hentry"],"acf":[],"yoast_head":"<!-- This site is optimized with the Yoast SEO plugin v27.4 - https:\/\/yoast.com\/product\/yoast-seo-wordpress\/ -->\n<title>ABOUT THE PROJECT - Interpretacijski centar Veliki ka\u0161tel Koti\u0161ina - Makarska<\/title>\n<meta name=\"robots\" content=\"index, follow, max-snippet:-1, max-image-preview:large, max-video-preview:-1\" \/>\n<link rel=\"canonical\" href=\"https:\/\/www.kotisina-makarska.com\/en\/about-the-project\/\" \/>\n<meta property=\"og:locale\" content=\"en_US\" \/>\n<meta property=\"og:type\" content=\"article\" \/>\n<meta property=\"og:title\" content=\"ABOUT THE PROJECT - Interpretacijski centar Veliki ka\u0161tel Koti\u0161ina - Makarska\" \/>\n<meta property=\"og:description\" content=\"Revitalization of the cultural and historical heritage of the hamlet of Koti\u0161ina \u00a0 Coordinator: City of Makarska Project partners: Makarska Tourist Board, Public institution Biokovo Nature Park, TIP-EXTREME, travel agency, transport, agriculture, trade and services \u00a0 &nbsp; &nbsp; &nbsp; &nbsp; &nbsp; The project &#8220;Revitalization of cultural and historical heritage of the hamlet of Koti\u0161ina&#8221; is [&hellip;]\" \/>\n<meta property=\"og:url\" content=\"https:\/\/www.kotisina-makarska.com\/en\/about-the-project\/\" \/>\n<meta property=\"og:site_name\" content=\"Interpretacijski centar Veliki ka\u0161tel Koti\u0161ina - Makarska\" \/>\n<meta property=\"article:publisher\" content=\"https:\/\/www.facebook.com\/kotisina1makarska\" \/>\n<meta property=\"article:modified_time\" content=\"2021-07-19T17:21:42+00:00\" \/>\n<meta property=\"og:image\" content=\"https:\/\/www.kotisina-makarska.com\/wp-content\/uploads\/2020\/11\/logotipi_partneri-Makarska02.jpg\" \/>\n<meta name=\"twitter:card\" content=\"summary_large_image\" \/>\n<meta name=\"twitter:label1\" content=\"Est. reading time\" \/>\n\t<meta name=\"twitter:data1\" content=\"4 minutes\" \/>\n<script type=\"application\/ld+json\" class=\"yoast-schema-graph\">{\"@context\":\"https:\\\/\\\/schema.org\",\"@graph\":[{\"@type\":\"WebPage\",\"@id\":\"https:\\\/\\\/www.kotisina-makarska.com\\\/en\\\/about-the-project\\\/\",\"url\":\"https:\\\/\\\/www.kotisina-makarska.com\\\/en\\\/about-the-project\\\/\",\"name\":\"ABOUT THE PROJECT - Interpretacijski centar Veliki ka\u0161tel Koti\u0161ina - Makarska\",\"isPartOf\":{\"@id\":\"https:\\\/\\\/www.kotisina-makarska.com\\\/en\\\/#website\"},\"primaryImageOfPage\":{\"@id\":\"https:\\\/\\\/www.kotisina-makarska.com\\\/en\\\/about-the-project\\\/#primaryimage\"},\"image\":{\"@id\":\"https:\\\/\\\/www.kotisina-makarska.com\\\/en\\\/about-the-project\\\/#primaryimage\"},\"thumbnailUrl\":\"https:\\\/\\\/www.kotisina-makarska.com\\\/wp-content\\\/uploads\\\/2020\\\/11\\\/logotipi_partneri-Makarska02.jpg\",\"datePublished\":\"2020-11-11T09:39:00+00:00\",\"dateModified\":\"2021-07-19T17:21:42+00:00\",\"breadcrumb\":{\"@id\":\"https:\\\/\\\/www.kotisina-makarska.com\\\/en\\\/about-the-project\\\/#breadcrumb\"},\"inLanguage\":\"en-US\",\"potentialAction\":[{\"@type\":\"ReadAction\",\"target\":[\"https:\\\/\\\/www.kotisina-makarska.com\\\/en\\\/about-the-project\\\/\"]}]},{\"@type\":\"ImageObject\",\"inLanguage\":\"en-US\",\"@id\":\"https:\\\/\\\/www.kotisina-makarska.com\\\/en\\\/about-the-project\\\/#primaryimage\",\"url\":\"https:\\\/\\\/www.kotisina-makarska.com\\\/wp-content\\\/uploads\\\/2020\\\/11\\\/logotipi_partneri-Makarska02.jpg\",\"contentUrl\":\"https:\\\/\\\/www.kotisina-makarska.com\\\/wp-content\\\/uploads\\\/2020\\\/11\\\/logotipi_partneri-Makarska02.jpg\"},{\"@type\":\"BreadcrumbList\",\"@id\":\"https:\\\/\\\/www.kotisina-makarska.com\\\/en\\\/about-the-project\\\/#breadcrumb\",\"itemListElement\":[{\"@type\":\"ListItem\",\"position\":1,\"name\":\"Po\u010detna stranica\",\"item\":\"https:\\\/\\\/www.kotisina-makarska.com\\\/en\\\/\"},{\"@type\":\"ListItem\",\"position\":2,\"name\":\"ABOUT THE PROJECT\"}]},{\"@type\":\"WebSite\",\"@id\":\"https:\\\/\\\/www.kotisina-makarska.com\\\/en\\\/#website\",\"url\":\"https:\\\/\\\/www.kotisina-makarska.com\\\/en\\\/\",\"name\":\"Koti\u0161ina - Makarska\",\"description\":\"\",\"publisher\":{\"@id\":\"https:\\\/\\\/www.kotisina-makarska.com\\\/en\\\/#organization\"},\"potentialAction\":[{\"@type\":\"SearchAction\",\"target\":{\"@type\":\"EntryPoint\",\"urlTemplate\":\"https:\\\/\\\/www.kotisina-makarska.com\\\/en\\\/?s={search_term_string}\"},\"query-input\":{\"@type\":\"PropertyValueSpecification\",\"valueRequired\":true,\"valueName\":\"search_term_string\"}}],\"inLanguage\":\"en-US\"},{\"@type\":\"Organization\",\"@id\":\"https:\\\/\\\/www.kotisina-makarska.com\\\/en\\\/#organization\",\"name\":\"Koti\u0161ina - Makarska\",\"url\":\"https:\\\/\\\/www.kotisina-makarska.com\\\/en\\\/\",\"logo\":{\"@type\":\"ImageObject\",\"inLanguage\":\"en-US\",\"@id\":\"https:\\\/\\\/www.kotisina-makarska.com\\\/en\\\/#\\\/schema\\\/logo\\\/image\\\/\",\"url\":\"https:\\\/\\\/www.kotisina-makarska.com\\\/wp-content\\\/uploads\\\/2020\\\/11\\\/favicon.png\",\"contentUrl\":\"https:\\\/\\\/www.kotisina-makarska.com\\\/wp-content\\\/uploads\\\/2020\\\/11\\\/favicon.png\",\"width\":512,\"height\":512,\"caption\":\"Koti\u0161ina - Makarska\"},\"image\":{\"@id\":\"https:\\\/\\\/www.kotisina-makarska.com\\\/en\\\/#\\\/schema\\\/logo\\\/image\\\/\"},\"sameAs\":[\"https:\\\/\\\/www.facebook.com\\\/kotisina1makarska\",\"https:\\\/\\\/www.instagram.com\\\/kotisina.biokovo\\\/\"]}]}<\/script>\n<!-- \/ Yoast SEO plugin. -->","yoast_head_json":{"title":"ABOUT THE PROJECT - Interpretacijski centar Veliki ka\u0161tel Koti\u0161ina - Makarska","robots":{"index":"index","follow":"follow","max-snippet":"max-snippet:-1","max-image-preview":"max-image-preview:large","max-video-preview":"max-video-preview:-1"},"canonical":"https:\/\/www.kotisina-makarska.com\/en\/about-the-project\/","og_locale":"en_US","og_type":"article","og_title":"ABOUT THE PROJECT - Interpretacijski centar Veliki ka\u0161tel Koti\u0161ina - Makarska","og_description":"Revitalization of the cultural and historical heritage of the hamlet of Koti\u0161ina \u00a0 Coordinator: City of Makarska Project partners: Makarska Tourist Board, Public institution Biokovo Nature Park, TIP-EXTREME, travel agency, transport, agriculture, trade and services \u00a0 &nbsp; &nbsp; &nbsp; &nbsp; &nbsp; The project &#8220;Revitalization of cultural and historical heritage of the hamlet of Koti\u0161ina&#8221; is [&hellip;]","og_url":"https:\/\/www.kotisina-makarska.com\/en\/about-the-project\/","og_site_name":"Interpretacijski centar Veliki ka\u0161tel Koti\u0161ina - Makarska","article_publisher":"https:\/\/www.facebook.com\/kotisina1makarska","article_modified_time":"2021-07-19T17:21:42+00:00","og_image":[{"url":"https:\/\/www.kotisina-makarska.com\/wp-content\/uploads\/2020\/11\/logotipi_partneri-Makarska02.jpg","type":"","width":"","height":""}],"twitter_card":"summary_large_image","twitter_misc":{"Est. reading time":"4 minutes"},"schema":{"@context":"https:\/\/schema.org","@graph":[{"@type":"WebPage","@id":"https:\/\/www.kotisina-makarska.com\/en\/about-the-project\/","url":"https:\/\/www.kotisina-makarska.com\/en\/about-the-project\/","name":"ABOUT THE PROJECT - Interpretacijski centar Veliki ka\u0161tel Koti\u0161ina - Makarska","isPartOf":{"@id":"https:\/\/www.kotisina-makarska.com\/en\/#website"},"primaryImageOfPage":{"@id":"https:\/\/www.kotisina-makarska.com\/en\/about-the-project\/#primaryimage"},"image":{"@id":"https:\/\/www.kotisina-makarska.com\/en\/about-the-project\/#primaryimage"},"thumbnailUrl":"https:\/\/www.kotisina-makarska.com\/wp-content\/uploads\/2020\/11\/logotipi_partneri-Makarska02.jpg","datePublished":"2020-11-11T09:39:00+00:00","dateModified":"2021-07-19T17:21:42+00:00","breadcrumb":{"@id":"https:\/\/www.kotisina-makarska.com\/en\/about-the-project\/#breadcrumb"},"inLanguage":"en-US","potentialAction":[{"@type":"ReadAction","target":["https:\/\/www.kotisina-makarska.com\/en\/about-the-project\/"]}]},{"@type":"ImageObject","inLanguage":"en-US","@id":"https:\/\/www.kotisina-makarska.com\/en\/about-the-project\/#primaryimage","url":"https:\/\/www.kotisina-makarska.com\/wp-content\/uploads\/2020\/11\/logotipi_partneri-Makarska02.jpg","contentUrl":"https:\/\/www.kotisina-makarska.com\/wp-content\/uploads\/2020\/11\/logotipi_partneri-Makarska02.jpg"},{"@type":"BreadcrumbList","@id":"https:\/\/www.kotisina-makarska.com\/en\/about-the-project\/#breadcrumb","itemListElement":[{"@type":"ListItem","position":1,"name":"Po\u010detna stranica","item":"https:\/\/www.kotisina-makarska.com\/en\/"},{"@type":"ListItem","position":2,"name":"ABOUT THE PROJECT"}]},{"@type":"WebSite","@id":"https:\/\/www.kotisina-makarska.com\/en\/#website","url":"https:\/\/www.kotisina-makarska.com\/en\/","name":"Koti\u0161ina - Makarska","description":"","publisher":{"@id":"https:\/\/www.kotisina-makarska.com\/en\/#organization"},"potentialAction":[{"@type":"SearchAction","target":{"@type":"EntryPoint","urlTemplate":"https:\/\/www.kotisina-makarska.com\/en\/?s={search_term_string}"},"query-input":{"@type":"PropertyValueSpecification","valueRequired":true,"valueName":"search_term_string"}}],"inLanguage":"en-US"},{"@type":"Organization","@id":"https:\/\/www.kotisina-makarska.com\/en\/#organization","name":"Koti\u0161ina - Makarska","url":"https:\/\/www.kotisina-makarska.com\/en\/","logo":{"@type":"ImageObject","inLanguage":"en-US","@id":"https:\/\/www.kotisina-makarska.com\/en\/#\/schema\/logo\/image\/","url":"https:\/\/www.kotisina-makarska.com\/wp-content\/uploads\/2020\/11\/favicon.png","contentUrl":"https:\/\/www.kotisina-makarska.com\/wp-content\/uploads\/2020\/11\/favicon.png","width":512,"height":512,"caption":"Koti\u0161ina - Makarska"},"image":{"@id":"https:\/\/www.kotisina-makarska.com\/en\/#\/schema\/logo\/image\/"},"sameAs":["https:\/\/www.facebook.com\/kotisina1makarska","https:\/\/www.instagram.com\/kotisina.biokovo\/"]}]}},"_links":{"self":[{"href":"https:\/\/www.kotisina-makarska.com\/en\/wp-json\/wp\/v2\/pages\/718","targetHints":{"allow":["GET"]}}],"collection":[{"href":"https:\/\/www.kotisina-makarska.com\/en\/wp-json\/wp\/v2\/pages"}],"about":[{"href":"https:\/\/www.kotisina-makarska.com\/en\/wp-json\/wp\/v2\/types\/page"}],"author":[{"embeddable":true,"href":"https:\/\/www.kotisina-makarska.com\/en\/wp-json\/wp\/v2\/users\/2"}],"replies":[{"embeddable":true,"href":"https:\/\/www.kotisina-makarska.com\/en\/wp-json\/wp\/v2\/comments?post=718"}],"version-history":[{"count":4,"href":"https:\/\/www.kotisina-makarska.com\/en\/wp-json\/wp\/v2\/pages\/718\/revisions"}],"predecessor-version":[{"id":723,"href":"https:\/\/www.kotisina-makarska.com\/en\/wp-json\/wp\/v2\/pages\/718\/revisions\/723"}],"wp:attachment":[{"href":"https:\/\/www.kotisina-makarska.com\/en\/wp-json\/wp\/v2\/media?parent=718"}],"curies":[{"name":"wp","href":"https:\/\/api.w.org\/{rel}","templated":true}]}}