{"id":620,"date":"2020-11-24T11:59:12","date_gmt":"2020-11-24T10:59:12","guid":{"rendered":"https:\/\/www.kotisina-makarska.com\/storytelling\/"},"modified":"2021-08-05T22:47:55","modified_gmt":"2021-08-05T21:47:55","slug":"storytelling","status":"publish","type":"page","link":"https:\/\/www.kotisina-makarska.com\/en\/storytelling\/","title":{"rendered":"Storytelling"},"content":{"rendered":"<h3><span style=\"color: #4f5052;\">COSTUMED INTERPRETATIVE WALKS<\/span><\/h3>\n<h4><span style=\"color: #4f5052;\"><em>Once a shepherdess, and today a milkmaid Mare from Koti\u0161ina will take you through her hamlet, a magical place. She will tell you interesting stories, some are instructive, touching, and some fun and scary.<\/em><\/span><\/h4>\n<h4><span style=\"color: #839da7;\">&#8216;Agata Croguide&#8217;, a craft for tourist services<\/span><\/h4>\n<h4><span style=\"color: #839da7;\">Agata Ravli\u0107<\/span><br \/>\n<span style=\"color: #839da7;\">Slikara Gojaka 34<\/span><br \/>\n<span style=\"color: #839da7;\">21 300 Makarska<\/span><br \/>\n<span style=\"color: #839da7;\">OIB: 94471064458<br \/>\n<\/span><span style=\"color: #839da7;\">e-mail: <a href=\"mailto:info@agatamakarska.com\">info@agatamakarska.com<\/a><br \/>\ntel. +385 98 1812 747<\/span><\/h4>\n<p><a href=\"https:\/\/www.kotisina-makarska.com\/wp-content\/uploads\/2020\/12\/agata_ravlic_1.jpg\"><img loading=\"lazy\" decoding=\"async\" class=\"alignnone wp-image-344 size-full\" src=\"https:\/\/www.kotisina-makarska.com\/wp-content\/uploads\/2020\/12\/agata_ravlic_1.jpg\" alt=\"\" width=\"965\" height=\"792\" srcset=\"https:\/\/www.kotisina-makarska.com\/wp-content\/uploads\/2020\/12\/agata_ravlic_1.jpg 965w, https:\/\/www.kotisina-makarska.com\/wp-content\/uploads\/2020\/12\/agata_ravlic_1-300x246.jpg 300w, https:\/\/www.kotisina-makarska.com\/wp-content\/uploads\/2020\/12\/agata_ravlic_1-768x630.jpg 768w\" sizes=\"auto, (max-width: 965px) 100vw, 965px\" \/><\/a><\/p>\n<p>&nbsp;<\/p>\n<h3>PROGRAM 1<br \/>\nLIFE IN THE BOTANICAL GARDEN<\/h3>\n<h4><span style=\"color: #4f5052;\">Treasure hunt<\/span><\/h4>\n<h4>Topic: Life in the botanical garden teaches us to respect history, nature, culture and tradition.<\/h4>\n<h4><span style=\"color: #839da7;\">It was founded in 1984 on the idea of Dr. Fr. Jure Radi\u0107, his associates and volunteers, and was conceived as &#8220;Biokovo in miniature&#8221;. The garden is specific with its appearance and characteristics because it contains around the native flora that is indigenous to the area of the Nature Park and Podbiokovlje. Since all species are native, in any part of the year, regardless of climatic conditions, flowering plants can be seen, so this garden bears another name &#8220;Garden of twelve flowering months&#8221;. The program includes a tour of the botanical garden in the context of &#8220;Treasure Hunt&#8221;, hunt for values &#8211; intangible heritage.<\/span><\/h4>\n<h4>Interesting facts:<br \/>\n<span style=\"color: #839da7;\">\u2022 The character of Fr. Jure Radi\u0107 &#8211; the person who first discovered the treasure in the botanical garden<\/span><br \/>\n<span style=\"color: #839da7;\">\u2022 History shows who found all the treasures in the botanical garden (the notion of treasures in the past)<\/span><br \/>\n<span style=\"color: #839da7;\">\u2022 There is a hidden treasure in nature<\/span><br \/>\n<span style=\"color: #839da7;\">\u2022 In the past, the inhabitants created treasure &#8211; intangible heritage<\/span><\/h4>\n<h4><span style=\"color: #4f5052;\">In the program: <\/span><span style=\"color: #839da7;\">visit to the church of St. Anthony from the 17<sup>th<\/sup> century, Ka\u0161tel from the 17<sup>th<\/sup> century, Koti\u0161ina Interpretation Center, Biokovo botanical garden Koti\u0161ina<\/span><\/h4>\n<h4>Duration: <span style=\"color: #839da7;\">2 &#8211; 4 hours<\/span><\/h4>\n<h4>Guide:<span style=\"color: #839da7;\"> Agata Ravli\u0107, licensed tourist guide, certified Heritage Interpreter (CIG Interpret Europe)<\/span><\/h4>\n<p>&nbsp;<\/p>\n<h4><\/h4>\n<h3>PROGRAM 2<\/h3>\n<h3><span style=\"color: #4f5052;\">IN THE FOOTSTEPS OF THE ST MARTIN BROTHERHOOD<\/span><\/h3>\n<h4><span style=\"color: #4f5052;\">Church of St. Martin &#8211; a place shrouded in a veil of secrecy<\/span><\/h4>\n<h4>Topic: <span style=\"color: #839da7;\">Integrated tours in the footsteps of the St. Martin&#8217;s fraternity<\/span><\/h4>\n<h4><span style=\"color: #839da7;\">Namely, the rich tangible and intangible heritage of the Koti\u0161ina area is associated with the worship and cult of St. Martina.<\/span><br \/>\n<span style=\"color: #839da7;\">Under the phrase preservation of heritage and preservation of the environment, and based on historical facts, archeology and ethnology, the subject program reveals the hidden cultural potential of St. Martin&#8217;s heritage. Cult of St. Martina in Makarska has a special attention given how he lived, lasted and survived here until today, as evidenced by numerous narrators and scientific research. This unique site offers an irresistible panoramic view of Makarska, Makarska Riviera, the islands of Brac and Hvar, and even in nice weather on the Peljesac peninsula and the island of Korcula. This is a place of exceptional peace and quiet, ideal for all nature lovers, especially hikers, trekkers, hikers and other recreationists. The church can be reached by a hiking trail and the path to it is very interesting and educational. The view on one side directly on the nearby cliffs of Biokovo, and on the other side of the open sea, in this natural environment, a favourite of many species of animals, gives visitors unforgettable moments: a combination of history, tradition, nature, but also a sense of peace and freedom.<\/span><br \/>\n<span style=\"color: #839da7;\">This is the ambience in which visitors will feel the values promoted by St. Martin&#8217;s heritage, namely family togetherness and fraternal togetherness, which is ultimately the fundamental goal of the presentation of intangible heritage.<\/span><\/h4>\n<h4>Interesting facts:<br \/>\n<span style=\"color: #839da7;\">\u2022 The mysterious life of a man who has become a symbol of love<\/span><br \/>\n<span style=\"color: #839da7;\">\u2022 An oasis of peace hides the secrets of the spiritual life<\/span><br \/>\n<span style=\"color: #839da7;\">\u2022 An oasis of peace hides the secrets of the spiritual life<\/span><br \/>\n<span style=\"color: #839da7;\">\u2022 A place that reveals the secrets of folklore<\/span><br \/>\n<span style=\"color: #839da7;\">\u2022 The wonderful world of nature is permeated with secrets<\/span><\/h4>\n<h4>In the program: <span style=\"color: #839da7;\">visit to the church of St. Martin from 12. \/13. century, a walk along the path<\/span><\/h4>\n<h4>Duration: <span style=\"color: #839da7;\">2 hours<\/span><\/h4>\n<h4>Guide: <span style=\"color: #839da7;\">Agata Ravli\u0107, licensed tourist guide, certified Heritage Interpreter (CIG Interpret Europe)<\/span><\/h4>\n<h4><\/h4>\n<p>&nbsp;<\/p>\n<h3>PROGRAM 3<\/h3>\n<h3>KOTI\u0160INA IS A PLACE OF INSPIRATION<\/h3>\n<h4>Topic: <span style=\"color: #839da7;\">The natural area where the Koti\u0161ina area is located is rich in many natural, historical and landscape values. In addition to the endless view provided by the collision of mountain and sea, there are numerous traces of human life, buildings woven at the foot of the mountain massif, many sources of drinking mountain water, the richness of indigenous plant communities and floral elements and a wealth of visual, auditory and olfactory stimuli. they give an unforgettable experience of the connection between man and nature. The program includes a tour of all cultural and natural features of the hamlet of Koti\u0161ina.<\/span><\/h4>\n<h4>Interesting facts:<br \/>\n<span style=\"color: #839da7;\">\u2022 Intangible heritage indicates the wealth of creative power of the inhabitants<\/span><br \/>\n<span style=\"color: #839da7;\">\u2022 The plant world is the perfect place for inspiration<\/span><br \/>\n<span style=\"color: #839da7;\">\u2022 There are many examples of the will to live in history<\/span><br \/>\n<span style=\"color: #839da7;\">\u2022 The Franciscans found inspiration here<\/span><span style=\"color: #839da7;\"><br \/>\n<\/span><\/h4>\n<h4><span style=\"color: #4f5052;\">In the program:<\/span> <span style=\"color: #839da7;\">visit to the church of St. Ante from the 17<sup>th<\/sup> century, the church of St. Martin from 12<sup>th<\/sup>\/13<sup>th<\/sup> century, Ka\u0161tel from the 17<sup>th<\/sup> century, Koti\u0161ina Interpretation Center, Biokovo Botanical Garden<br \/>\n<\/span>Duration: 2-4 hours<br \/>\nGuide: <span style=\"color: #839da7;\">Agata Ravli\u0107, licensed tourist guide, certified Heritage Interpreter (CIG Interpret Europe)<\/span><\/h4>\n<p>&nbsp;<\/p>\n<h3><span style=\"color: #4f5052;\">KOTI\u0160INA &#8211; Interpret Europe Heritage<\/span><\/h3>\n<h4><span style=\"color: #839da7;\">All programs are prepared according to the Interpret Europe Heritage interpretation method from a licensed tour guide and certificate Iranian Heritage Interpreter (CIG).<\/span><\/h4>\n<h4><span style=\"color: #839da7;\">Programs follow the authentic location of the hamlet of Koti\u0161ina, include places: Church of St. Anthony, church of st. Martin, Ka\u0161tel Interpretation Center and Botanical Garden.<\/span><\/h4>\n<h4><span style=\"color: #839da7;\">The programs follow the theme of life in the hamlet of Koti\u0161ina, community of inhabitants, respect for tradition, understanding the context of the time, admiration for nature and respect for coexistence with it. The programs are ideal for younger or older children, groups or families. They are age-appropriate.<\/span><br \/>\n<span style=\"color: #839da7;\">They are available in Croatian, English and Polish.<\/span><br \/>\n<span style=\"color: #839da7;\">Programs are copyrighted.<\/span><\/h4>\n<h4>The programs are based on professional sources and literature:<\/h4>\n<h4><span style=\"color: #839da7;\">1. Duki\u0107 D., Zmaj, junak, vila, Split 1992<\/span><br \/>\n<span style=\"color: #839da7;\">2. Fortis A., Put po Dalmaciji, Zagreb 1984<\/span><br \/>\n<span style=\"color: #839da7;\">3. Glavina F., Makarske teme, Makarska 2010<\/span><br \/>\n<span style=\"color: #839da7;\">4. Ka\u010di\u0107 ( zbornik), Franjevci I Makarska, Split 2004<\/span><br \/>\n<span style=\"color: #839da7;\">5. Kaer P., Makarska i primorje, Rijeka 1914<\/span><br \/>\n<span style=\"color: #839da7;\">6. Ozimec R., Biokovo, Zagreb 2008<\/span><br \/>\n<span style=\"color: #839da7;\">7. \u0160unde S., Sutikla- crkva, legende i obi\u010daji u Podgori, Zagreb 2011<\/span><br \/>\n<span style=\"color: #839da7;\">8. Radi\u0107 N., Dr fra Jure Radi\u0107, Split 1998<\/span><br \/>\n<span style=\"color: #839da7;\">9. Ravli\u0107 J.,Makarska i njeno primorje, Split 1934<\/span><br \/>\n<span style=\"color: #839da7;\">10. Tomasovi\u0107 M., Vodi\u010d kroz kulturnu ba\u0161tinu: Makarska i Makarsko Primorje, Biokovo i Zabiokovlje,Omi\u0161ko-rogozni\u010dki i Neretvansko-stonski prostor, Makarska 2015<\/span><br \/>\n<span style=\"color: #839da7;\">11. Tomasovi\u0107 M., Uklesani i urezani simboli na arhitekturi Makarske i njenog rubnog podru\u010dja, Makarska 2019<\/span><br \/>\n<span style=\"color: #839da7;\">12. Zaradija Ki\u0161 A., Sveti Martin- Kult svetaca i njegova tradicija u Hrvatskoj, Zagreb 2004<\/span><\/h4>\n","protected":false},"excerpt":{"rendered":"<p>COSTUMED INTERPRETATIVE WALKS Once a shepherdess, and today a milkmaid Mare from Koti\u0161ina will take you through her hamlet, a magical place. She will tell you interesting stories, some are instructive, touching, and some fun and scary. &#8216;Agata Croguide&#8217;, a craft for tourist services Agata Ravli\u0107 Slikara Gojaka 34 21 300 Makarska OIB: 94471064458 e-mail: [&hellip;]<\/p>\n","protected":false},"author":2,"featured_media":622,"parent":0,"menu_order":0,"comment_status":"closed","ping_status":"closed","template":"page-default.php","meta":{"_acf_changed":false,"footnotes":""},"class_list":["post-620","page","type-page","status-publish","has-post-thumbnail","hentry"],"acf":[],"yoast_head":"<!-- This site is optimized with the Yoast SEO plugin v27.4 - https:\/\/yoast.com\/product\/yoast-seo-wordpress\/ -->\n<title>Storytelling: Interpretacijski centar Veliki ka\u0161tel Koti\u0161ina - Makarska<\/title>\n<meta name=\"robots\" content=\"index, follow, max-snippet:-1, max-image-preview:large, max-video-preview:-1\" \/>\n<link rel=\"canonical\" href=\"https:\/\/www.kotisina-makarska.com\/en\/storytelling\/\" \/>\n<meta property=\"og:locale\" content=\"en_US\" \/>\n<meta property=\"og:type\" content=\"article\" \/>\n<meta property=\"og:title\" content=\"Storytelling\" \/>\n<meta property=\"og:description\" content=\"COSTUMED INTERPRETATIVE WALKS Once a shepherdess, and today a milkmaid Mare from Koti\u0161ina will take you through her hamlet, a magical place. She will tell you interesting stories, some are instructive, touching, and some fun and scary. &#8216;Agata Croguide&#8217;, a craft for tourist services Agata Ravli\u0107 Slikara Gojaka 34 21 300 Makarska OIB: 94471064458 e-mail: [&hellip;]\" \/>\n<meta property=\"og:url\" content=\"https:\/\/www.kotisina-makarska.com\/en\/storytelling\/\" \/>\n<meta property=\"og:site_name\" content=\"Interpretacijski centar Veliki ka\u0161tel Koti\u0161ina - Makarska\" \/>\n<meta property=\"article:publisher\" content=\"https:\/\/www.facebook.com\/kotisina1makarska\" \/>\n<meta property=\"article:modified_time\" content=\"2021-08-05T21:47:55+00:00\" \/>\n<meta property=\"og:image\" content=\"https:\/\/www.kotisina-makarska.com\/wp-content\/uploads\/2020\/11\/Istaknuta_storytelling1.jpg\" \/>\n\t<meta property=\"og:image:width\" content=\"1297\" \/>\n\t<meta property=\"og:image:height\" content=\"454\" \/>\n\t<meta property=\"og:image:type\" content=\"image\/jpeg\" \/>\n<meta name=\"twitter:card\" content=\"summary_large_image\" \/>\n<meta name=\"twitter:label1\" content=\"Est. reading time\" \/>\n\t<meta name=\"twitter:data1\" content=\"6 minutes\" \/>\n<script type=\"application\/ld+json\" class=\"yoast-schema-graph\">{\"@context\":\"https:\\\/\\\/schema.org\",\"@graph\":[{\"@type\":\"WebPage\",\"@id\":\"https:\\\/\\\/www.kotisina-makarska.com\\\/en\\\/storytelling\\\/\",\"url\":\"https:\\\/\\\/www.kotisina-makarska.com\\\/en\\\/storytelling\\\/\",\"name\":\"Storytelling: Interpretacijski centar Veliki ka\u0161tel Koti\u0161ina - Makarska\",\"isPartOf\":{\"@id\":\"https:\\\/\\\/www.kotisina-makarska.com\\\/en\\\/#website\"},\"primaryImageOfPage\":{\"@id\":\"https:\\\/\\\/www.kotisina-makarska.com\\\/en\\\/storytelling\\\/#primaryimage\"},\"image\":{\"@id\":\"https:\\\/\\\/www.kotisina-makarska.com\\\/en\\\/storytelling\\\/#primaryimage\"},\"thumbnailUrl\":\"https:\\\/\\\/www.kotisina-makarska.com\\\/wp-content\\\/uploads\\\/2020\\\/11\\\/Istaknuta_storytelling1.jpg\",\"datePublished\":\"2020-11-24T10:59:12+00:00\",\"dateModified\":\"2021-08-05T21:47:55+00:00\",\"breadcrumb\":{\"@id\":\"https:\\\/\\\/www.kotisina-makarska.com\\\/en\\\/storytelling\\\/#breadcrumb\"},\"inLanguage\":\"en-US\",\"potentialAction\":[{\"@type\":\"ReadAction\",\"target\":[\"https:\\\/\\\/www.kotisina-makarska.com\\\/en\\\/storytelling\\\/\"]}]},{\"@type\":\"ImageObject\",\"inLanguage\":\"en-US\",\"@id\":\"https:\\\/\\\/www.kotisina-makarska.com\\\/en\\\/storytelling\\\/#primaryimage\",\"url\":\"https:\\\/\\\/www.kotisina-makarska.com\\\/wp-content\\\/uploads\\\/2020\\\/11\\\/Istaknuta_storytelling1.jpg\",\"contentUrl\":\"https:\\\/\\\/www.kotisina-makarska.com\\\/wp-content\\\/uploads\\\/2020\\\/11\\\/Istaknuta_storytelling1.jpg\",\"width\":1297,\"height\":454,\"caption\":\"kotisina-makarska.com\"},{\"@type\":\"BreadcrumbList\",\"@id\":\"https:\\\/\\\/www.kotisina-makarska.com\\\/en\\\/storytelling\\\/#breadcrumb\",\"itemListElement\":[{\"@type\":\"ListItem\",\"position\":1,\"name\":\"Po\u010detna stranica\",\"item\":\"https:\\\/\\\/www.kotisina-makarska.com\\\/en\\\/\"},{\"@type\":\"ListItem\",\"position\":2,\"name\":\"Storytelling\"}]},{\"@type\":\"WebSite\",\"@id\":\"https:\\\/\\\/www.kotisina-makarska.com\\\/en\\\/#website\",\"url\":\"https:\\\/\\\/www.kotisina-makarska.com\\\/en\\\/\",\"name\":\"Koti\u0161ina - Makarska\",\"description\":\"\",\"publisher\":{\"@id\":\"https:\\\/\\\/www.kotisina-makarska.com\\\/en\\\/#organization\"},\"potentialAction\":[{\"@type\":\"SearchAction\",\"target\":{\"@type\":\"EntryPoint\",\"urlTemplate\":\"https:\\\/\\\/www.kotisina-makarska.com\\\/en\\\/?s={search_term_string}\"},\"query-input\":{\"@type\":\"PropertyValueSpecification\",\"valueRequired\":true,\"valueName\":\"search_term_string\"}}],\"inLanguage\":\"en-US\"},{\"@type\":\"Organization\",\"@id\":\"https:\\\/\\\/www.kotisina-makarska.com\\\/en\\\/#organization\",\"name\":\"Koti\u0161ina - Makarska\",\"url\":\"https:\\\/\\\/www.kotisina-makarska.com\\\/en\\\/\",\"logo\":{\"@type\":\"ImageObject\",\"inLanguage\":\"en-US\",\"@id\":\"https:\\\/\\\/www.kotisina-makarska.com\\\/en\\\/#\\\/schema\\\/logo\\\/image\\\/\",\"url\":\"https:\\\/\\\/www.kotisina-makarska.com\\\/wp-content\\\/uploads\\\/2020\\\/11\\\/favicon.png\",\"contentUrl\":\"https:\\\/\\\/www.kotisina-makarska.com\\\/wp-content\\\/uploads\\\/2020\\\/11\\\/favicon.png\",\"width\":512,\"height\":512,\"caption\":\"Koti\u0161ina - Makarska\"},\"image\":{\"@id\":\"https:\\\/\\\/www.kotisina-makarska.com\\\/en\\\/#\\\/schema\\\/logo\\\/image\\\/\"},\"sameAs\":[\"https:\\\/\\\/www.facebook.com\\\/kotisina1makarska\",\"https:\\\/\\\/www.instagram.com\\\/kotisina.biokovo\\\/\"]}]}<\/script>\n<!-- \/ Yoast SEO plugin. -->","yoast_head_json":{"title":"Storytelling: Interpretacijski centar Veliki ka\u0161tel Koti\u0161ina - Makarska","robots":{"index":"index","follow":"follow","max-snippet":"max-snippet:-1","max-image-preview":"max-image-preview:large","max-video-preview":"max-video-preview:-1"},"canonical":"https:\/\/www.kotisina-makarska.com\/en\/storytelling\/","og_locale":"en_US","og_type":"article","og_title":"Storytelling","og_description":"COSTUMED INTERPRETATIVE WALKS Once a shepherdess, and today a milkmaid Mare from Koti\u0161ina will take you through her hamlet, a magical place. She will tell you interesting stories, some are instructive, touching, and some fun and scary. &#8216;Agata Croguide&#8217;, a craft for tourist services Agata Ravli\u0107 Slikara Gojaka 34 21 300 Makarska OIB: 94471064458 e-mail: [&hellip;]","og_url":"https:\/\/www.kotisina-makarska.com\/en\/storytelling\/","og_site_name":"Interpretacijski centar Veliki ka\u0161tel Koti\u0161ina - Makarska","article_publisher":"https:\/\/www.facebook.com\/kotisina1makarska","article_modified_time":"2021-08-05T21:47:55+00:00","og_image":[{"width":1297,"height":454,"url":"https:\/\/www.kotisina-makarska.com\/wp-content\/uploads\/2020\/11\/Istaknuta_storytelling1.jpg","type":"image\/jpeg"}],"twitter_card":"summary_large_image","twitter_misc":{"Est. reading time":"6 minutes"},"schema":{"@context":"https:\/\/schema.org","@graph":[{"@type":"WebPage","@id":"https:\/\/www.kotisina-makarska.com\/en\/storytelling\/","url":"https:\/\/www.kotisina-makarska.com\/en\/storytelling\/","name":"Storytelling: Interpretacijski centar Veliki ka\u0161tel Koti\u0161ina - Makarska","isPartOf":{"@id":"https:\/\/www.kotisina-makarska.com\/en\/#website"},"primaryImageOfPage":{"@id":"https:\/\/www.kotisina-makarska.com\/en\/storytelling\/#primaryimage"},"image":{"@id":"https:\/\/www.kotisina-makarska.com\/en\/storytelling\/#primaryimage"},"thumbnailUrl":"https:\/\/www.kotisina-makarska.com\/wp-content\/uploads\/2020\/11\/Istaknuta_storytelling1.jpg","datePublished":"2020-11-24T10:59:12+00:00","dateModified":"2021-08-05T21:47:55+00:00","breadcrumb":{"@id":"https:\/\/www.kotisina-makarska.com\/en\/storytelling\/#breadcrumb"},"inLanguage":"en-US","potentialAction":[{"@type":"ReadAction","target":["https:\/\/www.kotisina-makarska.com\/en\/storytelling\/"]}]},{"@type":"ImageObject","inLanguage":"en-US","@id":"https:\/\/www.kotisina-makarska.com\/en\/storytelling\/#primaryimage","url":"https:\/\/www.kotisina-makarska.com\/wp-content\/uploads\/2020\/11\/Istaknuta_storytelling1.jpg","contentUrl":"https:\/\/www.kotisina-makarska.com\/wp-content\/uploads\/2020\/11\/Istaknuta_storytelling1.jpg","width":1297,"height":454,"caption":"kotisina-makarska.com"},{"@type":"BreadcrumbList","@id":"https:\/\/www.kotisina-makarska.com\/en\/storytelling\/#breadcrumb","itemListElement":[{"@type":"ListItem","position":1,"name":"Po\u010detna stranica","item":"https:\/\/www.kotisina-makarska.com\/en\/"},{"@type":"ListItem","position":2,"name":"Storytelling"}]},{"@type":"WebSite","@id":"https:\/\/www.kotisina-makarska.com\/en\/#website","url":"https:\/\/www.kotisina-makarska.com\/en\/","name":"Koti\u0161ina - Makarska","description":"","publisher":{"@id":"https:\/\/www.kotisina-makarska.com\/en\/#organization"},"potentialAction":[{"@type":"SearchAction","target":{"@type":"EntryPoint","urlTemplate":"https:\/\/www.kotisina-makarska.com\/en\/?s={search_term_string}"},"query-input":{"@type":"PropertyValueSpecification","valueRequired":true,"valueName":"search_term_string"}}],"inLanguage":"en-US"},{"@type":"Organization","@id":"https:\/\/www.kotisina-makarska.com\/en\/#organization","name":"Koti\u0161ina - Makarska","url":"https:\/\/www.kotisina-makarska.com\/en\/","logo":{"@type":"ImageObject","inLanguage":"en-US","@id":"https:\/\/www.kotisina-makarska.com\/en\/#\/schema\/logo\/image\/","url":"https:\/\/www.kotisina-makarska.com\/wp-content\/uploads\/2020\/11\/favicon.png","contentUrl":"https:\/\/www.kotisina-makarska.com\/wp-content\/uploads\/2020\/11\/favicon.png","width":512,"height":512,"caption":"Koti\u0161ina - Makarska"},"image":{"@id":"https:\/\/www.kotisina-makarska.com\/en\/#\/schema\/logo\/image\/"},"sameAs":["https:\/\/www.facebook.com\/kotisina1makarska","https:\/\/www.instagram.com\/kotisina.biokovo\/"]}]}},"_links":{"self":[{"href":"https:\/\/www.kotisina-makarska.com\/en\/wp-json\/wp\/v2\/pages\/620","targetHints":{"allow":["GET"]}}],"collection":[{"href":"https:\/\/www.kotisina-makarska.com\/en\/wp-json\/wp\/v2\/pages"}],"about":[{"href":"https:\/\/www.kotisina-makarska.com\/en\/wp-json\/wp\/v2\/types\/page"}],"author":[{"embeddable":true,"href":"https:\/\/www.kotisina-makarska.com\/en\/wp-json\/wp\/v2\/users\/2"}],"replies":[{"embeddable":true,"href":"https:\/\/www.kotisina-makarska.com\/en\/wp-json\/wp\/v2\/comments?post=620"}],"version-history":[{"count":3,"href":"https:\/\/www.kotisina-makarska.com\/en\/wp-json\/wp\/v2\/pages\/620\/revisions"}],"predecessor-version":[{"id":769,"href":"https:\/\/www.kotisina-makarska.com\/en\/wp-json\/wp\/v2\/pages\/620\/revisions\/769"}],"wp:featuredmedia":[{"embeddable":true,"href":"https:\/\/www.kotisina-makarska.com\/en\/wp-json\/wp\/v2\/media\/622"}],"wp:attachment":[{"href":"https:\/\/www.kotisina-makarska.com\/en\/wp-json\/wp\/v2\/media?parent=620"}],"curies":[{"name":"wp","href":"https:\/\/api.w.org\/{rel}","templated":true}]}}